{"id":5314,"date":"2024-06-17T14:53:37","date_gmt":"2024-06-17T11:53:37","guid":{"rendered":"https:\/\/naulankanta.fi\/?post_type=product&#038;p=5314"},"modified":"2024-08-08T17:16:43","modified_gmt":"2024-08-08T14:16:43","slug":"betonikuidut","status":"publish","type":"product","link":"https:\/\/naulankanta.fi\/sv\/materiaalimyynti\/tunneli-ja-infrarakentaminen\/betonikuidut\/betonikuidut\/","title":{"rendered":"Betongfibrer"},"content":{"rendered":"","protected":false},"excerpt":{"rendered":"<p>Naulankanta maahantuo Saksassa valmistettuja KrampeHarexin kuituja. KrampeHarexilla on yli 30 vuoden kokemus kuiturakenteista. Tuotevalikoimasta l\u00f6ytyy ter\u00e4skuidun lis\u00e4ksi polymeeri- ja lasikuitua. Kuiturakenteiden etuna ovat nopeus ja edullisuus perinteisiin betoniraudoitteisiin verrattuna.<\/p>","protected":false},"featured_media":5888,"comment_status":"open","ping_status":"closed","template":"","meta":{"esitteet-list":{"item-0":{"esitteen-nimi":"KrampeHarex Infra Referenssilista EN","esitteet-single-list":"https:\/\/naulankanta.fi\/wp-content\/uploads\/2024\/06\/krampeharex-infra-referenssilista-en.pdf"},"item-1":{"esitteen-nimi":"KrampeHarex Kuidut Tekniset tiedot EN","esitteet-single-list":"https:\/\/naulankanta.fi\/wp-content\/uploads\/2024\/06\/krampeharex-kuidut-tekniset-tiedot-en.pdf"},"item-2":{"esitteen-nimi":"KrampeHarex Kuidut Yleisesite EN","esitteet-single-list":"https:\/\/naulankanta.fi\/wp-content\/uploads\/2024\/06\/krampeharex-kuidut-yleisesite-en.pdf"}},"asennusohjeet-list":"","asennusohjeet-links":"","suunnittelijalle-list":{"item-0":{"suunnittelijalle-tiedoston-nimi":"KrampeHarex DE30-0.4 E304 Tekniset tiedot EN","suunnittelijalle-single-list":"https:\/\/naulankanta.fi\/wp-content\/uploads\/2024\/06\/krampeharex-de30-0-4-e304-tekniset-tiedot-en.pdf"},"item-1":{"suunnittelijalle-tiedoston-nimi":"KrampeHarex DE35-0.55 N Tekniset tiedot EN","suunnittelijalle-single-list":"https:\/\/naulankanta.fi\/wp-content\/uploads\/2024\/06\/krampeharex-de35-0-55-n-tekniset-tiedot-en.pdf"},"item-2":{"suunnittelijalle-tiedoston-nimi":"KrampeHarex DE40-0.55 M Tekniset tiedot EN","suunnittelijalle-single-list":"https:\/\/naulankanta.fi\/wp-content\/uploads\/2024\/06\/krampeharex-de40-0-55-m-tekniset-tiedot-en.pdf"},"item-3":{"suunnittelijalle-tiedoston-nimi":"KrampeHarex DE40-0.55 N Tekniset tiedot EN","suunnittelijalle-single-list":"https:\/\/naulankanta.fi\/wp-content\/uploads\/2024\/06\/krampeharex-de40-0-55-n-tekniset-tiedot-en.pdf"},"item-4":{"suunnittelijalle-tiedoston-nimi":"KrampeHarex DE50-1.0 N Tekniset tiedot EN","suunnittelijalle-single-list":"https:\/\/naulankanta.fi\/wp-content\/uploads\/2024\/06\/krampeharex-de50-1-0-n-tekniset-tiedot-en.pdf"},"item-5":{"suunnittelijalle-tiedoston-nimi":"KrampeHarex DE60-0.9 N Tekniset tiedot EN","suunnittelijalle-single-list":"https:\/\/naulankanta.fi\/wp-content\/uploads\/2024\/06\/krampeharex-de60-0-9-n-tekniset-tiedot-en.pdf"},"item-6":{"suunnittelijalle-tiedoston-nimi":"KrampeHarex PM6-18 Tekniset tiedot EN","suunnittelijalle-single-list":"https:\/\/naulankanta.fi\/wp-content\/uploads\/2024\/06\/krampeharex-pm6-18-tekniset-tiedot-en.pdf"},"item-7":{"suunnittelijalle-tiedoston-nimi":"KrampeHarex PM12-18 Tekniset tiedot EN","suunnittelijalle-single-list":"https:\/\/naulankanta.fi\/wp-content\/uploads\/2024\/06\/krampeharex-pm12-18-tekniset-tiedot-en.pdf"},"item-8":{"suunnittelijalle-tiedoston-nimi":"KrampeHarex PM48-800 Tekniset tiedot EN","suunnittelijalle-single-list":"https:\/\/naulankanta.fi\/wp-content\/uploads\/2024\/06\/krampeharex-pm48-800-tekniset-tiedot-en.pdf"},"item-9":{"suunnittelijalle-tiedoston-nimi":"KrampeHarex PM54-800 Tekniset tiedot EN","suunnittelijalle-single-list":"https:\/\/naulankanta.fi\/wp-content\/uploads\/2024\/06\/krampeharex-pm54-800-tekniset-tiedot-en.pdf"}},"suunnittelijalle-dfx-list":""},"product_brand":[],"product_cat":[53,103],"product_tag":[89],"class_list":{"0":"post-5314","1":"product","2":"type-product","3":"status-publish","4":"has-post-thumbnail","6":"product_cat-tunneli-ja-infrarakentaminen","7":"product_cat-betonikuidut","8":"product_tag-krampeharex","10":"first","11":"instock","12":"shipping-taxable","13":"product-type-simple"},"_links":{"self":[{"href":"https:\/\/naulankanta.fi\/sv\/wp-json\/wp\/v2\/product\/5314","targetHints":{"allow":["GET"]}}],"collection":[{"href":"https:\/\/naulankanta.fi\/sv\/wp-json\/wp\/v2\/product"}],"about":[{"href":"https:\/\/naulankanta.fi\/sv\/wp-json\/wp\/v2\/types\/product"}],"replies":[{"embeddable":true,"href":"https:\/\/naulankanta.fi\/sv\/wp-json\/wp\/v2\/comments?post=5314"}],"wp:featuredmedia":[{"embeddable":true,"href":"https:\/\/naulankanta.fi\/sv\/wp-json\/wp\/v2\/media\/5888"}],"wp:attachment":[{"href":"https:\/\/naulankanta.fi\/sv\/wp-json\/wp\/v2\/media?parent=5314"}],"wp:term":[{"taxonomy":"product_brand","embeddable":true,"href":"https:\/\/naulankanta.fi\/sv\/wp-json\/wp\/v2\/product_brand?post=5314"},{"taxonomy":"product_cat","embeddable":true,"href":"https:\/\/naulankanta.fi\/sv\/wp-json\/wp\/v2\/product_cat?post=5314"},{"taxonomy":"product_tag","embeddable":true,"href":"https:\/\/naulankanta.fi\/sv\/wp-json\/wp\/v2\/product_tag?post=5314"}],"curies":[{"name":"wp","href":"https:\/\/api.w.org\/{rel}","templated":true}]}}